{"id":1270,"date":"2024-12-10T17:28:38","date_gmt":"2024-12-10T16:28:38","guid":{"rendered":"https:\/\/avadawebsites.wpengine.com\/business\/?page_id=1270"},"modified":"2025-01-17T12:39:43","modified_gmt":"2025-01-17T11:39:43","slug":"gestiones-de-trafico","status":"publish","type":"page","link":"https:\/\/asesoriaelenadominguez.com\/en\/expertos\/gestiones-de-trafico\/","title":{"rendered":"Gestiones de Tr\u00e1fico"},"content":{"rendered":"<p><div class=\"fusion-fullwidth fullwidth-box fusion-builder-row-1 fusion-flex-container has-pattern-background has-mask-background nonhundred-percent-fullwidth non-hundred-percent-height-scrolling\" style=\"--awb-border-radius-top-left:0px;--awb-border-radius-top-right:0px;--awb-border-radius-bottom-right:0px;--awb-border-radius-bottom-left:0px;--awb-margin-top:60px;--awb-flex-wrap:wrap;\" ><div class=\"fusion-builder-row fusion-row fusion-flex-align-items-flex-start fusion-flex-content-wrap\" style=\"max-width:1372.8px;margin-left: calc(-4% \/ 2 );margin-right: calc(-4% \/ 2 );\"><div class=\"fusion-layout-column fusion_builder_column fusion-builder-column-0 fusion_builder_column_1_2 1_2 fusion-flex-column fusion-flex-align-self-stretch\" style=\"--awb-overflow:hidden;--awb-bg-size:cover;--awb-border-radius:0px 0px 0px 25px;--awb-width-large:50%;--awb-margin-top-large:0px;--awb-spacing-right-large:3.84%;--awb-margin-bottom-large:0px;--awb-spacing-left-large:3.84%;--awb-width-medium:50%;--awb-order-medium:0;--awb-spacing-right-medium:3.84%;--awb-spacing-left-medium:3.84%;--awb-width-small:100%;--awb-order-small:0;--awb-spacing-right-small:1.92%;--awb-spacing-left-small:1.92%;\"><div class=\"fusion-column-wrapper fusion-column-has-shadow fusion-flex-justify-content-flex-start fusion-content-layout-column\"><div class=\"fusion-image-element\" style=\"--awb-aspect-ratio: 100 \/ 93;--awb-object-position:65% 50%;--awb-caption-title-font-family:var(--h2_typography-font-family);--awb-caption-title-font-weight:var(--h2_typography-font-weight);--awb-caption-title-font-style:var(--h2_typography-font-style);--awb-caption-title-size:var(--h2_typography-font-size);--awb-caption-title-transform:var(--h2_typography-text-transform);--awb-caption-title-line-height:var(--h2_typography-line-height);--awb-caption-title-letter-spacing:var(--h2_typography-letter-spacing);\"><span class=\"fusion-imageframe imageframe-none imageframe-1 hover-type-none has-aspect-ratio\"><img decoding=\"async\" width=\"1100\" height=\"772\" alt=\"Gestiones de Tr\u00e1fico en Dumbr\u00eda\" title=\"gestiones-trafico-dumbria\" src=\"https:\/\/asesoriaelenadominguez.com\/wp-content\/uploads\/gestiones-trafico-dumbria.jpg\" class=\"img-responsive wp-image-3551 img-with-aspect-ratio\" srcset=\"https:\/\/asesoriaelenadominguez.com\/wp-content\/uploads\/gestiones-trafico-dumbria-200x140.jpg 200w, https:\/\/asesoriaelenadominguez.com\/wp-content\/uploads\/gestiones-trafico-dumbria-400x281.jpg 400w, https:\/\/asesoriaelenadominguez.com\/wp-content\/uploads\/gestiones-trafico-dumbria-600x421.jpg 600w, https:\/\/asesoriaelenadominguez.com\/wp-content\/uploads\/gestiones-trafico-dumbria-800x561.jpg 800w, https:\/\/asesoriaelenadominguez.com\/wp-content\/uploads\/gestiones-trafico-dumbria.jpg 1100w\" sizes=\"(max-width: 640px) 100vw, 800px\" \/><\/span><\/div><\/div><\/div><div class=\"fusion-layout-column fusion_builder_column fusion-builder-column-1 fusion_builder_column_1_2 1_2 fusion-flex-column\" style=\"--awb-padding-top:15px;--awb-padding-left:50px;--awb-padding-top-small:60px;--awb-padding-left-small:0px;--awb-bg-size:cover;--awb-width-large:50%;--awb-margin-top-large:0px;--awb-spacing-right-large:3.84%;--awb-margin-bottom-large:0px;--awb-spacing-left-large:3.84%;--awb-width-medium:50%;--awb-order-medium:0;--awb-spacing-right-medium:3.84%;--awb-spacing-left-medium:3.84%;--awb-width-small:100%;--awb-order-small:0;--awb-spacing-right-small:1.92%;--awb-spacing-left-small:1.92%;\"><div class=\"fusion-column-wrapper fusion-column-has-shadow fusion-flex-justify-content-flex-start fusion-content-layout-column\"><div class=\"fusion-text fusion-text-1 fusion-text-no-margin\" style=\"--awb-font-size:19px;--awb-text-transform:capitalize;--awb-text-color:var(--awb-color5);--awb-margin-bottom:0px;\"><p>Pasi\u00f3n &#8211; Dedicaci\u00f3n &#8211; Profesionalidad<\/p>\n<\/div><div class=\"fusion-separator\" style=\"align-self: flex-start;margin-right:auto;width:100%;max-width:282px;\"><div class=\"fusion-separator-border sep-single sep-dotted\" style=\"--awb-height:20px;--awb-amount:20px;--awb-sep-color:var(--awb-color4);border-color:var(--awb-color4);border-top-width:1px;\"><\/div><\/div><div class=\"fusion-title title fusion-title-1 fusion-sep-none fusion-title-text fusion-title-size-two\" style=\"--awb-margin-top:20px;--awb-margin-bottom:40px;--awb-margin-bottom-small:40px;\"><h2 class=\"fusion-title-heading title-heading-left\" style=\"margin:0;\">\u00bfQuieres transferir tu nuevo coche?<\/h2><\/div><div class=\"fusion-builder-row fusion-builder-row-inner fusion-row fusion-flex-align-items-flex-start fusion-flex-content-wrap\" style=\"width:104% !important;max-width:104% !important;margin-left: calc(-4% \/ 2 );margin-right: calc(-4% \/ 2 );\"><div class=\"fusion-layout-column fusion_builder_column_inner fusion-builder-nested-column-0 fusion_builder_column_inner_1_5 1_5 fusion-flex-column fusion-flex-align-self-flex-start\" style=\"--awb-bg-size:cover;--awb-width-large:20%;--awb-margin-top-large:0px;--awb-spacing-right-large:9.6%;--awb-margin-bottom-large:20px;--awb-spacing-left-large:9.6%;--awb-width-medium:25%;--awb-order-medium:0;--awb-spacing-right-medium:7.68%;--awb-spacing-left-medium:7.68%;--awb-width-small:100%;--awb-order-small:0;--awb-spacing-right-small:1.92%;--awb-margin-bottom-small:0px;--awb-spacing-left-small:1.92%;\"><div class=\"fusion-column-wrapper fusion-column-has-shadow fusion-flex-justify-content-flex-start fusion-content-layout-column\"><i class=\"fb-icon-element-1 fb-icon-element fontawesome-icon fa-file-contract fas circle-yes fusion-text-flow\" style=\"--awb-iconcolor:var(--awb-color6);--awb-circlecolor:var(--awb-color1);--awb-circlecolor-hover:var(--awb-color7);--awb-circlebordercolor:var(--awb-color3);--awb-circlebordercolor-hover:hsla(var(--awb-color2-h),var(--awb-color2-s),calc(var(--awb-color2-l) - 4%),var(--awb-color2-a));--awb-circlebordersize:5px;--awb-font-size:30px;--awb-width:96px;--awb-height:96px;--awb-line-height:86px;--awb-margin-right:15px;\"><\/i><\/div><\/div><div class=\"fusion-layout-column fusion_builder_column_inner fusion-builder-nested-column-1 fusion_builder_column_inner_2_3 2_3 fusion-flex-column fusion-flex-align-self-flex-start\" style=\"--awb-padding-top:10px;--awb-padding-left:10px;--awb-padding-bottom-small:40px;--awb-bg-size:cover;--awb-width-large:66.666666666667%;--awb-margin-top-large:0px;--awb-spacing-right-large:2.88%;--awb-margin-bottom-large:0px;--awb-spacing-left-large:2.88%;--awb-width-medium:75%;--awb-order-medium:0;--awb-spacing-right-medium:2.56%;--awb-spacing-left-medium:2.56%;--awb-width-small:100%;--awb-order-small:0;--awb-spacing-right-small:1.92%;--awb-spacing-left-small:1.92%;\"><div class=\"fusion-column-wrapper fusion-column-has-shadow fusion-flex-justify-content-flex-start fusion-content-layout-column\"><div class=\"fusion-title title fusion-title-2 fusion-sep-none fusion-title-text fusion-title-size-five\" style=\"--awb-margin-bottom:10px;\"><h5 class=\"fusion-title-heading title-heading-left\" style=\"margin:0;\">Transferencia de Veh\u00edculos<\/h5><\/div><div class=\"fusion-text fusion-text-2 fusion-text-no-margin\" style=\"--awb-margin-top:0px;--awb-margin-bottom:0px;\"><p>Gesti\u00f3n integral del cambio de titularidad de un veh\u00edculo en la Direcci\u00f3n General de Tr\u00e1fico.<\/p>\n<\/div><\/div><\/div><\/div><div class=\"fusion-builder-row fusion-builder-row-inner fusion-row fusion-flex-align-items-flex-start fusion-flex-content-wrap\" style=\"width:104% !important;max-width:104% !important;margin-left: calc(-4% \/ 2 );margin-right: calc(-4% \/ 2 );\"><div class=\"fusion-layout-column fusion_builder_column_inner fusion-builder-nested-column-2 fusion_builder_column_inner_1_5 1_5 fusion-flex-column fusion-flex-align-self-flex-start\" style=\"--awb-bg-size:cover;--awb-width-large:20%;--awb-margin-top-large:0px;--awb-spacing-right-large:9.6%;--awb-margin-bottom-large:20px;--awb-spacing-left-large:9.6%;--awb-width-medium:25%;--awb-order-medium:0;--awb-spacing-right-medium:7.68%;--awb-spacing-left-medium:7.68%;--awb-width-small:100%;--awb-order-small:0;--awb-spacing-right-small:1.92%;--awb-margin-bottom-small:0px;--awb-spacing-left-small:1.92%;\"><div class=\"fusion-column-wrapper fusion-column-has-shadow fusion-flex-justify-content-flex-start fusion-content-layout-column\"><i class=\"fb-icon-element-2 fb-icon-element fontawesome-icon fa-car fas circle-yes fusion-text-flow\" style=\"--awb-iconcolor:var(--awb-color6);--awb-circlecolor:var(--awb-color1);--awb-circlecolor-hover:var(--awb-color7);--awb-circlebordercolor:var(--awb-color3);--awb-circlebordercolor-hover:hsla(var(--awb-color2-h),var(--awb-color2-s),calc(var(--awb-color2-l) - 4%),var(--awb-color2-a));--awb-circlebordersize:5px;--awb-font-size:32px;--awb-width:96px;--awb-height:96px;--awb-line-height:86px;--awb-margin-right:16px;\"><\/i><\/div><\/div><div class=\"fusion-layout-column fusion_builder_column_inner fusion-builder-nested-column-3 fusion_builder_column_inner_2_3 2_3 fusion-flex-column fusion-flex-align-self-flex-start\" style=\"--awb-padding-top:10px;--awb-padding-left:10px;--awb-padding-bottom-small:40px;--awb-bg-size:cover;--awb-width-large:66.666666666667%;--awb-margin-top-large:0px;--awb-spacing-right-large:2.88%;--awb-margin-bottom-large:0px;--awb-spacing-left-large:2.88%;--awb-width-medium:75%;--awb-order-medium:0;--awb-spacing-right-medium:2.56%;--awb-spacing-left-medium:2.56%;--awb-width-small:100%;--awb-order-small:0;--awb-spacing-right-small:1.92%;--awb-spacing-left-small:1.92%;\"><div class=\"fusion-column-wrapper fusion-column-has-shadow fusion-flex-justify-content-flex-start fusion-content-layout-column\"><div class=\"fusion-title title fusion-title-3 fusion-sep-none fusion-title-text fusion-title-size-five\" style=\"--awb-margin-bottom:10px;\"><h5 class=\"fusion-title-heading title-heading-left\" style=\"margin:0;\">Nuevas matriculaciones<\/h5><\/div><div class=\"fusion-text fusion-text-3 fusion-text-no-margin\" style=\"--awb-margin-top:0px;--awb-margin-bottom:0px;\"><p>Matriculamos tu nuevo veh\u00edculo comprado en Espa\u00f1a o en el extranjero.<\/p>\n<\/div><\/div><\/div><\/div><div class=\"fusion-builder-row fusion-builder-row-inner fusion-row fusion-flex-align-items-flex-start fusion-flex-content-wrap\" style=\"width:104% !important;max-width:104% !important;margin-left: calc(-4% \/ 2 );margin-right: calc(-4% \/ 2 );\"><div class=\"fusion-layout-column fusion_builder_column_inner fusion-builder-nested-column-4 fusion_builder_column_inner_1_5 1_5 fusion-flex-column fusion-flex-align-self-flex-start\" style=\"--awb-bg-size:cover;--awb-width-large:20%;--awb-margin-top-large:0px;--awb-spacing-right-large:9.6%;--awb-margin-bottom-large:20px;--awb-spacing-left-large:9.6%;--awb-width-medium:25%;--awb-order-medium:0;--awb-spacing-right-medium:7.68%;--awb-margin-bottom-medium:0px;--awb-spacing-left-medium:7.68%;--awb-width-small:100%;--awb-order-small:0;--awb-spacing-right-small:1.92%;--awb-spacing-left-small:1.92%;\"><div class=\"fusion-column-wrapper fusion-column-has-shadow fusion-flex-justify-content-flex-start fusion-content-layout-column\"><i class=\"fb-icon-element-3 fb-icon-element fontawesome-icon fa-exclamation-triangle fas circle-yes fusion-text-flow\" style=\"--awb-iconcolor:var(--awb-color6);--awb-circlecolor:var(--awb-color1);--awb-circlecolor-hover:var(--awb-color7);--awb-circlebordercolor:var(--awb-color3);--awb-circlebordercolor-hover:hsla(var(--awb-color2-h),var(--awb-color2-s),calc(var(--awb-color2-l) - 4%),var(--awb-color2-a));--awb-circlebordersize:5px;--awb-font-size:34px;--awb-width:96px;--awb-height:96px;--awb-line-height:86px;--awb-margin-right:17px;\"><\/i><\/div><\/div><div class=\"fusion-layout-column fusion_builder_column_inner fusion-builder-nested-column-5 fusion_builder_column_inner_2_3 2_3 fusion-flex-column fusion-flex-align-self-flex-start\" style=\"--awb-padding-top:10px;--awb-padding-left:10px;--awb-bg-size:cover;--awb-width-large:66.666666666667%;--awb-margin-top-large:0px;--awb-spacing-right-large:2.88%;--awb-margin-bottom-large:0px;--awb-spacing-left-large:2.88%;--awb-width-medium:75%;--awb-order-medium:0;--awb-spacing-right-medium:2.56%;--awb-spacing-left-medium:2.56%;--awb-width-small:100%;--awb-order-small:0;--awb-spacing-right-small:1.92%;--awb-spacing-left-small:1.92%;\"><div class=\"fusion-column-wrapper fusion-column-has-shadow fusion-flex-justify-content-flex-start fusion-content-layout-column\"><div class=\"fusion-title title fusion-title-4 fusion-sep-none fusion-title-text fusion-title-size-five\" style=\"--awb-margin-bottom:10px;\"><h5 class=\"fusion-title-heading title-heading-left\" style=\"margin:0;\">Duplicados de documentos<\/h5><\/div><div class=\"fusion-text fusion-text-4 fusion-text-no-margin\" style=\"--awb-margin-top:0px;--awb-margin-bottom:0px;\"><p>\u00bfHas perdido la documentaci\u00f3n de tu veh\u00edculo? Nos ocupamos de recuperarla.<\/p>\n<\/div><\/div><\/div><\/div><\/div><\/div><\/div><\/div><div class=\"fusion-fullwidth fullwidth-box fusion-builder-row-2 fusion-flex-container has-pattern-background has-mask-background nonhundred-percent-fullwidth non-hundred-percent-height-scrolling\" style=\"--awb-border-radius-top-left:0px;--awb-border-radius-top-right:0px;--awb-border-radius-bottom-right:0px;--awb-border-radius-bottom-left:0px;--awb-margin-top:60px;--awb-flex-wrap:wrap;\" ><div class=\"fusion-builder-row fusion-row fusion-flex-align-items-flex-start fusion-flex-content-wrap\" style=\"max-width:1372.8px;margin-left: calc(-4% \/ 2 );margin-right: calc(-4% \/ 2 );\"><div class=\"fusion-layout-column fusion_builder_column fusion-builder-column-2 fusion_builder_column_1_2 1_2 fusion-flex-column\" style=\"--awb-bg-size:cover;--awb-width-large:50%;--awb-margin-top-large:0px;--awb-spacing-right-large:3.84%;--awb-margin-bottom-large:0px;--awb-spacing-left-large:3.84%;--awb-width-medium:50%;--awb-order-medium:0;--awb-spacing-right-medium:3.84%;--awb-spacing-left-medium:3.84%;--awb-width-small:100%;--awb-order-small:0;--awb-spacing-right-small:1.92%;--awb-spacing-left-small:1.92%;\"><div class=\"fusion-column-wrapper fusion-column-has-shadow fusion-flex-justify-content-flex-start fusion-content-layout-column\"><div class=\"fusion-text fusion-text-5 fusion-text-no-margin\" style=\"--awb-font-size:19px;--awb-text-transform:capitalize;--awb-text-color:var(--awb-color5);--awb-margin-bottom:0px;\"><p>Pasi\u00f3n &#8211; Dedicaci\u00f3n &#8211; Profesionalidad<\/p>\n<\/div><div class=\"fusion-separator\" style=\"align-self: flex-start;margin-right:auto;width:100%;max-width:282px;\"><div class=\"fusion-separator-border sep-single sep-dotted\" style=\"--awb-height:20px;--awb-amount:20px;--awb-sep-color:var(--awb-color4);border-color:var(--awb-color4);border-top-width:1px;\"><\/div><\/div><div class=\"fusion-title title fusion-title-5 fusion-sep-none fusion-title-text fusion-title-size-two\" style=\"--awb-margin-top:20px;\"><h2 class=\"fusion-title-heading title-heading-left\" style=\"margin:0;\">Tr\u00e1mites de cambio de titularidad<\/h2><\/div><\/div><\/div><div class=\"fusion-layout-column fusion_builder_column fusion-builder-column-3 fusion_builder_column_1_2 1_2 fusion-flex-column\" style=\"--awb-padding-top:70px;--awb-padding-right:60px;--awb-padding-top-small:40px;--awb-bg-size:cover;--awb-width-large:50%;--awb-margin-top-large:0px;--awb-spacing-right-large:3.84%;--awb-margin-bottom-large:0px;--awb-spacing-left-large:3.84%;--awb-width-medium:50%;--awb-order-medium:0;--awb-spacing-right-medium:3.84%;--awb-spacing-left-medium:3.84%;--awb-width-small:100%;--awb-order-small:0;--awb-spacing-right-small:1.92%;--awb-spacing-left-small:1.92%;\"><div class=\"fusion-column-wrapper fusion-column-has-shadow fusion-flex-justify-content-flex-start fusion-content-layout-column\"><div class=\"fusion-text fusion-text-6\" style=\"--awb-font-size:var(--awb-typography2-font-size);--awb-line-height:var(--awb-typography2-line-height);--awb-letter-spacing:var(--awb-typography2-letter-spacing);--awb-text-transform:var(--awb-typography2-text-transform);--awb-text-font-family:var(--awb-typography2-font-family);--awb-text-font-weight:var(--awb-typography2-font-weight);--awb-text-font-style:var(--awb-typography2-font-style);\"><p>Olv\u00eddate de papeleos y esperas, realizamos las gestiones oportunas antes la DGT.<\/p>\n<\/div><div class=\"fusion-separator\" style=\"align-self: flex-start;margin-right:auto;margin-top:10px;width:100%;max-width:100px;\"><div class=\"fusion-separator-border sep-single sep-dotted\" style=\"--awb-height:20px;--awb-amount:20px;--awb-sep-color:var(--awb-color4);border-color:var(--awb-color4);border-top-width:1px;\"><\/div><\/div><\/div><\/div><div class=\"fusion-layout-column fusion_builder_column fusion-builder-column-4 fusion_builder_column_1_5 1_5 fusion-flex-column\" style=\"--awb-bg-size:cover;--awb-width-large:20%;--awb-margin-top-large:0px;--awb-spacing-right-large:9.6%;--awb-margin-bottom-large:0px;--awb-spacing-left-large:9.6%;--awb-width-medium:20%;--awb-order-medium:0;--awb-spacing-right-medium:9.6%;--awb-spacing-left-medium:9.6%;--awb-width-small:100%;--awb-order-small:0;--awb-spacing-right-small:1.92%;--awb-spacing-left-small:1.92%;\"><div class=\"fusion-column-wrapper fusion-column-has-shadow fusion-flex-justify-content-flex-start fusion-content-layout-column\"><\/div><\/div><div class=\"fusion-layout-column fusion_builder_column fusion-builder-column-5 fusion_builder_column_3_5 3_5 fusion-flex-column\" style=\"--awb-padding-top:40px;--awb-bg-size:cover;--awb-border-color:hsla(var(--awb-color4-h),var(--awb-color4-s),var(--awb-color4-l),calc(var(--awb-color4-a) - 50%));--awb-border-style:solid;--awb-width-large:60%;--awb-margin-top-large:0px;--awb-spacing-right-large:3.2%;--awb-margin-bottom-large:0px;--awb-spacing-left-large:3.2%;--awb-width-medium:60%;--awb-order-medium:0;--awb-spacing-right-medium:3.2%;--awb-spacing-left-medium:3.2%;--awb-width-small:100%;--awb-order-small:0;--awb-spacing-right-small:1.92%;--awb-spacing-left-small:1.92%;\"><div class=\"fusion-column-wrapper fusion-column-has-shadow fusion-flex-justify-content-flex-start fusion-content-layout-column\"><div class=\"fusion-text fusion-text-7\" style=\"--awb-content-alignment:justify;\"><p>Estamos habilitados y contamos con <strong>experiencia y conocimiento<\/strong> para realizar todo tipo de gestiones ante la DGT.<\/p>\n<p>Realizamos la<strong> transferencia del veh\u00edculo<\/strong> que acabas de comprar, tanto <strong>nacional<\/strong> como <strong>importado<\/strong>, cumpliendo la actual normativa, confeccionando los documentos del Impuesto de transmisiones patrimoniales, <strong>contratos de compra venta<\/strong> y cubriendo los formularios necesarios.<\/p>\n<p>Estamos capacitados para <strong>matricular un veh\u00edculo<\/strong> con matr\u00edculas temporales o definitivas. Ponte en contacto con nosotros y tramitaremos la solicitud en tu nombre.<\/p>\n<p>Obtenemos un <strong>informe oficial<\/strong> de cualquier veh\u00edculo en el que podr\u00e1s ver, previa compra, datos del veh\u00edculo como: Fecha de matriculaci\u00f3n, si ha sido un coche de Renting, domicilio del veh\u00edculo, <strong>embargos<\/strong>, reserva de dominio, impago, precinto, historial de titulares, <strong>historial de inspecciones t\u00e9cnicas<\/strong>, lecturas del cuentakil\u00f3metros y un amplio abanico de datos a tener en cuenta antes de decidirte a su compra.<\/p>\n<\/div><div class=\"fusion-text fusion-text-8\" style=\"--awb-content-alignment:justify;\"><p>Estamos capacitados para asesorar a todo tipo <strong>empresas, PYME, aut\u00f3nomos y particulares<\/strong>.<\/p>\n<\/div><\/div><\/div><div class=\"fusion-layout-column fusion_builder_column fusion-builder-column-6 fusion_builder_column_1_5 1_5 fusion-flex-column\" style=\"--awb-bg-size:cover;--awb-width-large:20%;--awb-margin-top-large:0px;--awb-spacing-right-large:9.6%;--awb-margin-bottom-large:0px;--awb-spacing-left-large:9.6%;--awb-width-medium:20%;--awb-order-medium:0;--awb-spacing-right-medium:9.6%;--awb-spacing-left-medium:9.6%;--awb-width-small:100%;--awb-order-small:0;--awb-spacing-right-small:1.92%;--awb-spacing-left-small:1.92%;\"><div class=\"fusion-column-wrapper fusion-column-has-shadow fusion-flex-justify-content-flex-start fusion-content-layout-column\"><\/div><\/div><\/div><\/div><\/p>","protected":false},"excerpt":{"rendered":"","protected":false},"author":1,"featured_media":0,"parent":1018,"menu_order":0,"comment_status":"closed","ping_status":"closed","template":"100-width.php","meta":{"footnotes":""},"class_list":["post-1270","page","type-page","status-publish","hentry"],"_links":{"self":[{"href":"https:\/\/asesoriaelenadominguez.com\/en\/wp-json\/wp\/v2\/pages\/1270","targetHints":{"allow":["GET"]}}],"collection":[{"href":"https:\/\/asesoriaelenadominguez.com\/en\/wp-json\/wp\/v2\/pages"}],"about":[{"href":"https:\/\/asesoriaelenadominguez.com\/en\/wp-json\/wp\/v2\/types\/page"}],"author":[{"embeddable":true,"href":"https:\/\/asesoriaelenadominguez.com\/en\/wp-json\/wp\/v2\/users\/1"}],"replies":[{"embeddable":true,"href":"https:\/\/asesoriaelenadominguez.com\/en\/wp-json\/wp\/v2\/comments?post=1270"}],"version-history":[{"count":8,"href":"https:\/\/asesoriaelenadominguez.com\/en\/wp-json\/wp\/v2\/pages\/1270\/revisions"}],"predecessor-version":[{"id":3555,"href":"https:\/\/asesoriaelenadominguez.com\/en\/wp-json\/wp\/v2\/pages\/1270\/revisions\/3555"}],"up":[{"embeddable":true,"href":"https:\/\/asesoriaelenadominguez.com\/en\/wp-json\/wp\/v2\/pages\/1018"}],"wp:attachment":[{"href":"https:\/\/asesoriaelenadominguez.com\/en\/wp-json\/wp\/v2\/media?parent=1270"}],"curies":[{"name":"wp","href":"https:\/\/api.w.org\/{rel}","templated":true}]}}